{"id":767,"date":"2016-05-12T07:02:48","date_gmt":"2016-05-12T07:02:48","guid":{"rendered":"http:\/\/splash.stylemixthemes.com\/?page_id=767"},"modified":"2026-01-23T19:11:50","modified_gmt":"2026-01-23T18:11:50","slug":"faq","status":"publish","type":"page","link":"https:\/\/kosarlabda.satoraljaujhely.hu\/index.php\/faq\/","title":{"rendered":"COOKIE &#8211; T\u00c1J\u00c9KOZTAT\u00d3"},"content":{"rendered":"<div class=\"wpb-content-wrapper\"><p>[vc_row full_width=&#8221;stretch_row_content_no_spaces&#8221; css=&#8221;.vc_custom_1461759659379{margin-bottom: 0px !important;}&#8221;][vc_column css=&#8221;.vc_custom_1461759927650{padding-top: 0px !important;padding-bottom: 0px !important;}&#8221;][vc_column_text css=&#8221;.vc_custom_1461759701676{margin-bottom: 0px !important;}&#8221;][\/vc_column_text][\/vc_column][\/vc_row][vc_row][vc_column][vc_column_text css=&#8221;&#8221;]<\/p>\n<h2>Mi az a cookie (s\u00fcti)?<\/h2>\n<p>A cookie (s\u00fcti) egy kis adatf\u00e1jl, amely a weboldal l\u00e1togat\u00e1sakor ker\u00fcl az \u00d6n sz\u00e1m\u00edt\u00f3g\u00e9p\u00e9re vagy mobil eszk\u00f6z\u00e9re.<br \/>\nA s\u00fctik c\u00e9lja, hogy a weboldal megfelel\u0151en m\u0171k\u00f6dj\u00f6n, valamint jav\u00edts\u00e1k a felhaszn\u00e1l\u00f3i \u00e9lm\u00e9nyt.<\/p>\n<h2>Milyen s\u00fctiket haszn\u00e1lunk?<\/h2>\n<p>A weboldal kiz\u00e1r\u00f3lag <strong>technikai m\u0171k\u00f6d\u00e9shez sz\u00fcks\u00e9ges s\u00fctiket<\/strong> haszn\u00e1l.<\/p>\n<p>Ezek a s\u00fctik:<\/p>\n<ul>\n<li>biztos\u00edtj\u00e1k a weboldal alapvet\u0151 m\u0171k\u00f6d\u00e9s\u00e9t,<\/li>\n<li>seg\u00edtik a biztons\u00e1gos haszn\u00e1latot,<\/li>\n<li>nem gy\u0171jtenek szem\u00e9lyes adatokat marketing c\u00e9lra,<\/li>\n<li>nem alkalmasak a felhaszn\u00e1l\u00f3 azonos\u00edt\u00e1s\u00e1ra.<\/li>\n<\/ul>\n<h2>Haszn\u00e1lunk-e statisztikai vagy marketing s\u00fctiket?<\/h2>\n<p>\u274c Nem.<br \/>\nA weboldal jelenleg <strong>nem haszn\u00e1l<\/strong>:<\/p>\n<ul>\n<li>marketing c\u00e9l\u00fa cookie-kat,<\/li>\n<li>hirdet\u00e9si s\u00fctiket,<\/li>\n<li>k\u00f6z\u00f6ss\u00e9gi m\u00e9dia k\u00f6vet\u0151k\u00f3dokat (pl. Facebook Pixel),<\/li>\n<li>Google Analyticset.<\/li>\n<\/ul>\n<h2>Cookie-k kezel\u00e9se a b\u00f6ng\u00e9sz\u0151ben<\/h2>\n<p>A cookie-k haszn\u00e1lata a b\u00f6ng\u00e9sz\u0151 be\u00e1ll\u00edt\u00e1saiban b\u00e1rmikor korl\u00e1tozhat\u00f3 vagy letilthat\u00f3.<br \/>\nFelh\u00edvjuk figyelm\u00e9t, hogy a cookie-k letilt\u00e1sa a weboldal egyes funkci\u00f3inak m\u0171k\u00f6d\u00e9s\u00e9t befoly\u00e1solhatja.<\/p>\n<h2>Adatkezel\u00e9ssel kapcsolatos tov\u00e1bbi inform\u00e1ci\u00f3k<\/h2>\n<p>A szem\u00e9lyes adatok kezel\u00e9s\u00e9r\u0151l r\u00e9szletes t\u00e1j\u00e9koztat\u00e1st az al\u00e1bbi oldalon tal\u00e1l:<br \/>\n\ud83d\udc49 <strong>Adatkezel\u00e9si t\u00e1j\u00e9koztat\u00f3<\/strong><\/p>\n<h2>Kapcsolat<\/h2>\n<p><strong>Adatkezel\u0151:<\/strong><br \/>\nSportos \u00e9s Eg\u00e9szs\u00e9ges Zempl\u00e9n\u00e9rt Egyes\u00fclet<\/p>\n<p><strong>E-mail:<\/strong><br \/>\nkosarlabda@satoraljaujhely.hu<\/p>\n<p><strong>Telefonsz\u00e1m:<\/strong><br \/>\n+36 30 625 8823[\/vc_column_text][\/vc_column][\/vc_row]<\/p>\n<\/div>","protected":false},"excerpt":{"rendered":"<p>[vc_row full_width=&#8221;stretch_row_content_no_spaces&#8221; css=&#8221;.vc_custom_1461759659379{margin-bottom: 0px !important;}&#8221;][vc_column css=&#8221;.vc_custom_1461759927650{padding-top: 0px !important;padding-bottom: 0px !important;}&#8221;][vc_column_text css=&#8221;.vc_custom_1461759701676{margin-bottom: 0px !important;}&#8221;][\/vc_column_text][\/vc_column][\/vc_row][vc_row][vc_column][vc_column_text css=&#8221;&#8221;] Mi az a cookie (s\u00fcti)? A cookie (s\u00fcti) egy kis adatf\u00e1jl, amely a weboldal l\u00e1togat\u00e1sakor ker\u00fcl az \u00d6n sz\u00e1m\u00edt\u00f3g\u00e9p\u00e9re vagy mobil eszk\u00f6z\u00e9re. A s\u00fctik c\u00e9lja, hogy a weboldal megfelel\u0151en m\u0171k\u00f6dj\u00f6n, valamint jav\u00edts\u00e1k a felhaszn\u00e1l\u00f3i \u00e9lm\u00e9nyt. Milyen s\u00fctiket haszn\u00e1lunk? A weboldal kiz\u00e1r\u00f3lag&#8230;<\/p>\n","protected":false},"author":1,"featured_media":0,"parent":0,"menu_order":0,"comment_status":"closed","ping_status":"closed","template":"","meta":{"footnotes":""},"class_list":["post-767","page","type-page","status-publish","hentry"],"_links":{"self":[{"href":"https:\/\/kosarlabda.satoraljaujhely.hu\/index.php\/wp-json\/wp\/v2\/pages\/767","targetHints":{"allow":["GET"]}}],"collection":[{"href":"https:\/\/kosarlabda.satoraljaujhely.hu\/index.php\/wp-json\/wp\/v2\/pages"}],"about":[{"href":"https:\/\/kosarlabda.satoraljaujhely.hu\/index.php\/wp-json\/wp\/v2\/types\/page"}],"author":[{"embeddable":true,"href":"https:\/\/kosarlabda.satoraljaujhely.hu\/index.php\/wp-json\/wp\/v2\/users\/1"}],"replies":[{"embeddable":true,"href":"https:\/\/kosarlabda.satoraljaujhely.hu\/index.php\/wp-json\/wp\/v2\/comments?post=767"}],"version-history":[{"count":2,"href":"https:\/\/kosarlabda.satoraljaujhely.hu\/index.php\/wp-json\/wp\/v2\/pages\/767\/revisions"}],"predecessor-version":[{"id":1436,"href":"https:\/\/kosarlabda.satoraljaujhely.hu\/index.php\/wp-json\/wp\/v2\/pages\/767\/revisions\/1436"}],"wp:attachment":[{"href":"https:\/\/kosarlabda.satoraljaujhely.hu\/index.php\/wp-json\/wp\/v2\/media?parent=767"}],"curies":[{"name":"wp","href":"https:\/\/api.w.org\/{rel}","templated":true}]}}