{"id":1353,"date":"2026-01-20T15:42:25","date_gmt":"2026-01-20T14:42:25","guid":{"rendered":"https:\/\/kosarlabda.satoraljaujhely.hu\/?page_id=1353"},"modified":"2026-01-23T19:23:00","modified_gmt":"2026-01-23T18:23:00","slug":"data-processing-information-adatkezelesi-tajekoztato","status":"publish","type":"page","link":"https:\/\/kosarlabda.satoraljaujhely.hu\/index.php\/data-processing-information-adatkezelesi-tajekoztato\/","title":{"rendered":"Adatkezel\u00e9si t\u00e1j\u00e9koztat\u00f3"},"content":{"rendered":"<h2>1. Az adatkezel\u0151 adatai<\/h2>\n<p><strong>Adatkezel\u0151 neve:<\/strong><br \/>\nSportos \u00e9s Eg\u00e9szs\u00e9ges Zempl\u00e9n\u00e9rt Egyes\u00fclet<\/p>\n<p><strong>Sz\u00e9khely:<\/strong><br \/>\n3950 S\u00e1rospatak, Tompa utca 10.<\/p>\n<p><strong>K\u00e9pvisel\u0151:<\/strong><br \/>\nDr. Terdik S\u00e1ndor, eln\u00f6k<\/p>\n<p><strong>Telefonsz\u00e1m:<\/strong><br \/>\n+36 30 625 8823<\/p>\n<p><strong>E-mail c\u00edm:<\/strong><br \/>\nkosarlabda@satoraljaujhely.hu<\/p>\n<h2>2. Az adatkezel\u00e9s jogszab\u00e1lyi h\u00e1ttere<\/h2>\n<p>Az adatkezel\u00e9sre az al\u00e1bbi jogszab\u00e1lyok alapj\u00e1n ker\u00fcl sor:<\/p>\n<ul>\n<li>az Eur\u00f3pai Parlament \u00e9s a Tan\u00e1cs (EU) 2016\/679 rendelete (GDPR),<\/li>\n<li>az inform\u00e1ci\u00f3s \u00f6nrendelkez\u00e9si jogr\u00f3l \u00e9s az inform\u00e1ci\u00f3szabads\u00e1gr\u00f3l sz\u00f3l\u00f3 2011. \u00e9vi CXII. t\u00f6rv\u00e9ny.<\/li>\n<\/ul>\n<h2>3. A kezelt szem\u00e9lyes adatok k\u00f6re<\/h2>\n<p>A weboldal l\u00e1togat\u00e1sa sor\u00e1n az al\u00e1bbi szem\u00e9lyes adatok kezel\u00e9se t\u00f6rt\u00e9nhet:<\/p>\n<ul>\n<li>n\u00e9v (ha a l\u00e1togat\u00f3 \u00f6nk\u00e9nt megadja)<\/li>\n<li>e-mail c\u00edm<\/li>\n<li>telefonsz\u00e1m (ha megad\u00e1sra ker\u00fcl)<\/li>\n<li>IP-c\u00edm<\/li>\n<li>b\u00f6ng\u00e9sz\u0151 \u00e9s oper\u00e1ci\u00f3s rendszer t\u00edpusa<\/li>\n<li>a l\u00e1togat\u00e1s id\u0151pontja<\/li>\n<\/ul>\n<h2>4. Az adatkezel\u00e9s c\u00e9lja<\/h2>\n<p>A szem\u00e9lyes adatok kezel\u00e9s\u00e9nek c\u00e9lja:<\/p>\n<ul>\n<li>kapcsolatfelv\u00e9tel biztos\u00edt\u00e1sa,<\/li>\n<li>az egyes\u00fclet tev\u00e9kenys\u00e9g\u00e9vel kapcsolatos t\u00e1j\u00e9koztat\u00e1s,<\/li>\n<li>a weboldal biztons\u00e1gos m\u0171k\u00f6dtet\u00e9se,<\/li>\n<li>statisztikai c\u00e9l\u00fa adatgy\u0171jt\u00e9s.<\/li>\n<\/ul>\n<h2>5. Az adatkezel\u00e9s jogalapja<\/h2>\n<p>Az adatkezel\u00e9s jogalapja:<\/p>\n<ul>\n<li>az \u00e9rintett \u00f6nk\u00e9ntes hozz\u00e1j\u00e1rul\u00e1sa (GDPR 6. cikk (1) a)),<\/li>\n<li>az adatkezel\u0151 jogos \u00e9rdeke a weboldal m\u0171k\u00f6dtet\u00e9s\u00e9hez (GDPR 6. cikk (1) f)).<\/li>\n<\/ul>\n<h2>6. Az adatok meg\u0151rz\u00e9s\u00e9nek ideje<\/h2>\n<p>Az adatkezel\u0151 a szem\u00e9lyes adatokat:<\/p>\n<ul>\n<li>a kapcsolatfelv\u00e9tel lez\u00e1r\u00e1s\u00e1ig,<\/li>\n<li>vagy a hozz\u00e1j\u00e1rul\u00e1s visszavon\u00e1s\u00e1ig,<\/li>\n<li>illetve jogszab\u00e1lyi k\u00f6telezetts\u00e9g eset\u00e9n a k\u00f6telez\u0151 meg\u0151rz\u00e9si ideig kezeli.<\/li>\n<\/ul>\n<h2>7. Adattov\u00e1bb\u00edt\u00e1s, adatfeldolgoz\u00f3k<\/h2>\n<p>Az adatkezel\u0151 a szem\u00e9lyes adatokat harmadik f\u00e9l r\u00e9sz\u00e9re nem tov\u00e1bb\u00edtja.<\/p>\n<p>A weboldal \u00fczemeltet\u00e9se sor\u00e1n adatfeldolgoz\u00f3 (t\u00e1rhelyszolg\u00e1ltat\u00f3) bevon\u00e1s\u00e1ra sor ker\u00fclhet.<br \/>\nA t\u00e1rhelyszolg\u00e1ltat\u00f3 adatai felt\u00f6lt\u00e9s alatt \u00e1llnak.<\/p>\n<h2>8. Cookie-k (s\u00fctik) haszn\u00e1lata<\/h2>\n<p>A weboldal technikailag sz\u00fcks\u00e9ges cookie-kat haszn\u00e1l a megfelel\u0151 m\u0171k\u00f6d\u00e9s \u00e9rdek\u00e9ben.<br \/>\nEzek a s\u00fctik nem alkalmasak a felhaszn\u00e1l\u00f3 szem\u00e9lyes azonos\u00edt\u00e1s\u00e1ra.<\/p>\n<h2>9. Az \u00e9rintettek jogai<\/h2>\n<p>Az \u00e9rintett jogosult:<\/p>\n<ul>\n<li>t\u00e1j\u00e9koztat\u00e1st k\u00e9rni szem\u00e9lyes adatai kezel\u00e9s\u00e9r\u0151l,<\/li>\n<li>k\u00e9rni adatai helyesb\u00edt\u00e9s\u00e9t, t\u00f6rl\u00e9s\u00e9t vagy korl\u00e1toz\u00e1s\u00e1t,<\/li>\n<li>tiltakozni az adatkezel\u00e9s ellen,<\/li>\n<li>hozz\u00e1j\u00e1rul\u00e1s\u00e1t b\u00e1rmikor visszavonni,<\/li>\n<li>panaszt tenni a fel\u00fcgyeleti hat\u00f3s\u00e1gn\u00e1l.<\/li>\n<\/ul>\n<h2>10. Jogorvoslati lehet\u0151s\u00e9gek<\/h2>\n<p>Amennyiben az \u00e9rintett \u00fagy v\u00e9li, hogy jogai s\u00e9r\u00fcltek, panasszal \u00e9lhet az al\u00e1bbi hat\u00f3s\u00e1gn\u00e1l:<\/p>\n<p><strong>Nemzeti Adatv\u00e9delmi \u00e9s Inform\u00e1ci\u00f3szabads\u00e1g Hat\u00f3s\u00e1g (NAIH)<\/strong><br \/>\nC\u00edm: 1055 Budapest, Falk Miksa utca 9\u201311.<br \/>\nHonlap: <a href=\"https:\/\/www.naih.hu\">https:\/\/www.naih.hu<\/a><\/p>\n<h2>11. A t\u00e1j\u00e9koztat\u00f3 m\u00f3dos\u00edt\u00e1sa<\/h2>\n<p>Az adatkezel\u0151 fenntartja a jogot, hogy jelen adatkezel\u00e9si t\u00e1j\u00e9koztat\u00f3t b\u00e1rmikor m\u00f3dos\u00edtsa.<br \/>\nA m\u00f3dos\u00edt\u00e1s a weboldalon t\u00f6rt\u00e9n\u0151 k\u00f6zz\u00e9t\u00e9tellel l\u00e9p hat\u00e1lyba.<\/p>\n","protected":false},"excerpt":{"rendered":"<p>1. Az adatkezel\u0151 adatai Adatkezel\u0151 neve: Sportos \u00e9s Eg\u00e9szs\u00e9ges Zempl\u00e9n\u00e9rt Egyes\u00fclet Sz\u00e9khely: 3950 S\u00e1rospatak, Tompa utca 10. K\u00e9pvisel\u0151: Dr. Terdik S\u00e1ndor, eln\u00f6k Telefonsz\u00e1m: +36 30 625 8823 E-mail c\u00edm: kosarlabda@satoraljaujhely.hu 2. Az adatkezel\u00e9s jogszab\u00e1lyi h\u00e1ttere Az adatkezel\u00e9sre az al\u00e1bbi jogszab\u00e1lyok alapj\u00e1n ker\u00fcl sor: az Eur\u00f3pai Parlament \u00e9s a Tan\u00e1cs (EU) 2016\/679 rendelete (GDPR), az inform\u00e1ci\u00f3s&#8230;<\/p>\n","protected":false},"author":1,"featured_media":0,"parent":0,"menu_order":0,"comment_status":"closed","ping_status":"closed","template":"","meta":{"footnotes":""},"class_list":["post-1353","page","type-page","status-publish","hentry"],"_links":{"self":[{"href":"https:\/\/kosarlabda.satoraljaujhely.hu\/index.php\/wp-json\/wp\/v2\/pages\/1353","targetHints":{"allow":["GET"]}}],"collection":[{"href":"https:\/\/kosarlabda.satoraljaujhely.hu\/index.php\/wp-json\/wp\/v2\/pages"}],"about":[{"href":"https:\/\/kosarlabda.satoraljaujhely.hu\/index.php\/wp-json\/wp\/v2\/types\/page"}],"author":[{"embeddable":true,"href":"https:\/\/kosarlabda.satoraljaujhely.hu\/index.php\/wp-json\/wp\/v2\/users\/1"}],"replies":[{"embeddable":true,"href":"https:\/\/kosarlabda.satoraljaujhely.hu\/index.php\/wp-json\/wp\/v2\/comments?post=1353"}],"version-history":[{"count":3,"href":"https:\/\/kosarlabda.satoraljaujhely.hu\/index.php\/wp-json\/wp\/v2\/pages\/1353\/revisions"}],"predecessor-version":[{"id":1438,"href":"https:\/\/kosarlabda.satoraljaujhely.hu\/index.php\/wp-json\/wp\/v2\/pages\/1353\/revisions\/1438"}],"wp:attachment":[{"href":"https:\/\/kosarlabda.satoraljaujhely.hu\/index.php\/wp-json\/wp\/v2\/media?parent=1353"}],"curies":[{"name":"wp","href":"https:\/\/api.w.org\/{rel}","templated":true}]}}